{"id":1355,"date":"2023-08-22T21:43:31","date_gmt":"2023-08-22T21:43:31","guid":{"rendered":"https:\/\/martarodriguez.com.co\/?page_id=1355"},"modified":"2024-08-08T15:54:19","modified_gmt":"2024-08-08T15:54:19","slug":"los-hijos-del-trueno","status":"publish","type":"page","link":"https:\/\/martarodriguez.com.co\/index.php\/los-hijos-del-trueno\/","title":{"rendered":"LOS HIJOS DEL TRUENO (1994-1998)"},"content":{"rendered":"\t\t<div data-elementor-type=\"wp-page\" data-elementor-id=\"1355\" class=\"elementor elementor-1355\">\n\t\t\t\t\t\t<section class=\"elementor-section elementor-top-section elementor-element elementor-element-5f2c9d5 elementor-section-full_width elementor-section-stretched elementor-section-height-default elementor-section-height-default exad-glass-effect-no wpr-particle-no wpr-jarallax-no wpr-parallax-no wpr-sticky-section-no exad-sticky-section-no\" data-id=\"5f2c9d5\" data-element_type=\"section\" data-settings=\"{&quot;stretch_section&quot;:&quot;section-stretched&quot;,&quot;background_background&quot;:&quot;classic&quot;}\">\n\t\t\t\t\t\t<div class=\"elementor-container elementor-column-gap-default\">\n\t\t\t\t\t<div class=\"elementor-column elementor-col-100 elementor-top-column elementor-element elementor-element-3e7b03b exad-glass-effect-no exad-sticky-section-no\" data-id=\"3e7b03b\" data-element_type=\"column\" data-settings=\"{&quot;background_background&quot;:&quot;classic&quot;}\">\n\t\t\t<div class=\"elementor-widget-wrap elementor-element-populated\">\n\t\t\t\t\t\t<div class=\"elementor-element elementor-element-d32907b exad-sticky-section-no exad-glass-effect-no elementor-widget elementor-widget-image\" data-id=\"d32907b\" data-element_type=\"widget\" data-widget_type=\"image.default\">\n\t\t\t\t<div class=\"elementor-widget-container\">\n\t\t\t<style>\/*! elementor - v3.21.0 - 15-04-2024 *\/\n.elementor-widget-image{text-align:center}.elementor-widget-image a{display:inline-block}.elementor-widget-image a img[src$=\".svg\"]{width:48px}.elementor-widget-image img{vertical-align:middle;display:inline-block}<\/style>\t\t\t\t\t\t\t\t\t\t<img fetchpriority=\"high\" decoding=\"async\" width=\"750\" height=\"478\" src=\"https:\/\/martarodriguez.com.co\/wp-content\/uploads\/2023\/08\/rsw_1920m-5-1024x653.jpg\" class=\"attachment-large size-large wp-image-1430\" alt=\"\" srcset=\"https:\/\/martarodriguez.com.co\/wp-content\/uploads\/2023\/08\/rsw_1920m-5-1024x653.jpg 1024w, https:\/\/martarodriguez.com.co\/wp-content\/uploads\/2023\/08\/rsw_1920m-5-300x191.jpg 300w, https:\/\/martarodriguez.com.co\/wp-content\/uploads\/2023\/08\/rsw_1920m-5-768x489.jpg 768w, https:\/\/martarodriguez.com.co\/wp-content\/uploads\/2023\/08\/rsw_1920m-5-1536x979.jpg 1536w, https:\/\/martarodriguez.com.co\/wp-content\/uploads\/2023\/08\/rsw_1920m-5-750x478.jpg 750w, https:\/\/martarodriguez.com.co\/wp-content\/uploads\/2023\/08\/rsw_1920m-5-600x382.jpg 600w, https:\/\/martarodriguez.com.co\/wp-content\/uploads\/2023\/08\/rsw_1920m-5.jpg 1632w\" sizes=\"(max-width: 750px) 100vw, 750px\" \/>\t\t\t\t\t\t\t\t\t\t\t\t\t<\/div>\n\t\t\t\t<\/div>\n\t\t\t\t\t<\/div>\n\t\t<\/div>\n\t\t\t\t\t<\/div>\n\t\t<\/section>\n\t\t\t\t<section class=\"elementor-section elementor-top-section elementor-element elementor-element-f287452 elementor-section-boxed elementor-section-height-default elementor-section-height-default exad-glass-effect-no wpr-particle-no wpr-jarallax-no wpr-parallax-no wpr-sticky-section-no exad-sticky-section-no\" data-id=\"f287452\" data-element_type=\"section\" data-settings=\"{&quot;background_background&quot;:&quot;classic&quot;}\">\n\t\t\t\t\t\t<div class=\"elementor-container elementor-column-gap-default\">\n\t\t\t\t\t<div class=\"elementor-column elementor-col-100 elementor-top-column elementor-element elementor-element-27b4248 exad-glass-effect-no exad-sticky-section-no\" data-id=\"27b4248\" data-element_type=\"column\">\n\t\t\t<div class=\"elementor-widget-wrap elementor-element-populated\">\n\t\t\t\t\t\t<div class=\"elementor-element elementor-element-306d8b4 exad-sticky-section-no exad-glass-effect-no elementor-widget elementor-widget-heading\" data-id=\"306d8b4\" data-element_type=\"widget\" data-widget_type=\"heading.default\">\n\t\t\t\t<div class=\"elementor-widget-container\">\n\t\t\t<style>\/*! elementor - v3.21.0 - 15-04-2024 *\/\n.elementor-heading-title{padding:0;margin:0;line-height:1}.elementor-widget-heading .elementor-heading-title[class*=elementor-size-]>a{color:inherit;font-size:inherit;line-height:inherit}.elementor-widget-heading .elementor-heading-title.elementor-size-small{font-size:15px}.elementor-widget-heading .elementor-heading-title.elementor-size-medium{font-size:19px}.elementor-widget-heading .elementor-heading-title.elementor-size-large{font-size:29px}.elementor-widget-heading .elementor-heading-title.elementor-size-xl{font-size:39px}.elementor-widget-heading .elementor-heading-title.elementor-size-xxl{font-size:59px}<\/style><h2 class=\"elementor-heading-title elementor-size-default\">LOS HIJOS DEL TRUENO<\/h2>\t\t<\/div>\n\t\t\t\t<\/div>\n\t\t\t\t<section class=\"elementor-section elementor-inner-section elementor-element elementor-element-8a3be95 elementor-section-boxed elementor-section-height-default elementor-section-height-default exad-glass-effect-no wpr-particle-no wpr-jarallax-no wpr-parallax-no wpr-sticky-section-no exad-sticky-section-no\" data-id=\"8a3be95\" data-element_type=\"section\">\n\t\t\t\t\t\t<div class=\"elementor-container elementor-column-gap-default\">\n\t\t\t\t\t<div class=\"elementor-column elementor-col-33 elementor-inner-column elementor-element elementor-element-96c82d4 exad-glass-effect-no exad-sticky-section-no\" data-id=\"96c82d4\" data-element_type=\"column\">\n\t\t\t<div class=\"elementor-widget-wrap elementor-element-populated\">\n\t\t\t\t\t\t<div class=\"elementor-element elementor-element-7cf7f53 exad-sticky-section-no exad-glass-effect-no elementor-widget elementor-widget-text-editor\" data-id=\"7cf7f53\" data-element_type=\"widget\" data-widget_type=\"text-editor.default\">\n\t\t\t\t<div class=\"elementor-widget-container\">\n\t\t\t<style>\/*! elementor - v3.21.0 - 15-04-2024 *\/\n.elementor-widget-text-editor.elementor-drop-cap-view-stacked .elementor-drop-cap{background-color:#69727d;color:#fff}.elementor-widget-text-editor.elementor-drop-cap-view-framed .elementor-drop-cap{color:#69727d;border:3px solid;background-color:transparent}.elementor-widget-text-editor:not(.elementor-drop-cap-view-default) .elementor-drop-cap{margin-top:8px}.elementor-widget-text-editor:not(.elementor-drop-cap-view-default) .elementor-drop-cap-letter{width:1em;height:1em}.elementor-widget-text-editor .elementor-drop-cap{float:left;text-align:center;line-height:1;font-size:50px}.elementor-widget-text-editor .elementor-drop-cap-letter{display:inline-block}<\/style>\t\t\t\t<p><em class=\"x-el x-el-span c1-1p c1-1q c1-b c1-88 c1-35 c1-22 c1-89 c1-8a\">Marta Rodr\u00edguez \u00a0y \u00a0Lucas Silva\u00a0<\/em><\/p>\t\t\t\t\t\t<\/div>\n\t\t\t\t<\/div>\n\t\t\t\t\t<\/div>\n\t\t<\/div>\n\t\t\t\t<div class=\"elementor-column elementor-col-33 elementor-inner-column elementor-element elementor-element-5f6eebc exad-glass-effect-no exad-sticky-section-no\" data-id=\"5f6eebc\" data-element_type=\"column\">\n\t\t\t<div class=\"elementor-widget-wrap elementor-element-populated\">\n\t\t\t\t\t\t<div class=\"elementor-element elementor-element-432ae89 exad-sticky-section-no exad-glass-effect-no elementor-widget elementor-widget-text-editor\" data-id=\"432ae89\" data-element_type=\"widget\" data-widget_type=\"text-editor.default\">\n\t\t\t\t<div class=\"elementor-widget-container\">\n\t\t\t\t\t\t\t<p><em class=\"x-el x-el-span c1-1p c1-1q c1-b c1-88 c1-35 c1-22 c1-89 c1-8a\">Duraci\u00f3n: \u00a0\u00a0\u00a056 minutos\u00a0<\/em><\/p>\t\t\t\t\t\t<\/div>\n\t\t\t\t<\/div>\n\t\t\t\t\t<\/div>\n\t\t<\/div>\n\t\t\t\t<div class=\"elementor-column elementor-col-33 elementor-inner-column elementor-element elementor-element-18bc337 exad-glass-effect-no exad-sticky-section-no\" data-id=\"18bc337\" data-element_type=\"column\">\n\t\t\t<div class=\"elementor-widget-wrap elementor-element-populated\">\n\t\t\t\t\t\t<div class=\"elementor-element elementor-element-1800a8b exad-sticky-section-no exad-glass-effect-no elementor-widget elementor-widget-text-editor\" data-id=\"1800a8b\" data-element_type=\"widget\" data-widget_type=\"text-editor.default\">\n\t\t\t\t<div class=\"elementor-widget-container\">\n\t\t\t\t\t\t\t<p><em class=\"x-el x-el-span c1-1p c1-1q c1-b c1-88 c1-35 c1-22 c1-89 c1-8a\">A\u00f1os: \u00a01994 \u00a0&#8211; \u00a01998<\/em><\/p>\t\t\t\t\t\t<\/div>\n\t\t\t\t<\/div>\n\t\t\t\t\t<\/div>\n\t\t<\/div>\n\t\t\t\t\t<\/div>\n\t\t<\/section>\n\t\t\t\t<div class=\"elementor-element elementor-element-2583427 exad-sticky-section-no exad-glass-effect-no elementor-widget elementor-widget-video\" data-id=\"2583427\" data-element_type=\"widget\" data-settings=\"{&quot;youtube_url&quot;:&quot;https:\\\/\\\/www.youtube.com\\\/watch?v=XHOmBV4js_E&quot;,&quot;video_type&quot;:&quot;youtube&quot;,&quot;controls&quot;:&quot;yes&quot;}\" data-widget_type=\"video.default\">\n\t\t\t\t<div class=\"elementor-widget-container\">\n\t\t\t<style>\/*! elementor - v3.21.0 - 15-04-2024 *\/\n.elementor-widget-video .elementor-widget-container{overflow:hidden;transform:translateZ(0)}.elementor-widget-video .elementor-wrapper{aspect-ratio:var(--video-aspect-ratio)}.elementor-widget-video .elementor-wrapper iframe,.elementor-widget-video .elementor-wrapper video{height:100%;width:100%;display:flex;border:none;background-color:#000}@supports not (aspect-ratio:1\/1){.elementor-widget-video .elementor-wrapper{position:relative;overflow:hidden;height:0;padding-bottom:calc(100% \/ var(--video-aspect-ratio))}.elementor-widget-video .elementor-wrapper iframe,.elementor-widget-video .elementor-wrapper video{position:absolute;top:0;right:0;bottom:0;left:0}}.elementor-widget-video .elementor-open-inline .elementor-custom-embed-image-overlay{position:absolute;top:0;right:0;bottom:0;left:0;background-size:cover;background-position:50%}.elementor-widget-video .elementor-custom-embed-image-overlay{cursor:pointer;text-align:center}.elementor-widget-video .elementor-custom-embed-image-overlay:hover .elementor-custom-embed-play i{opacity:1}.elementor-widget-video .elementor-custom-embed-image-overlay img{display:block;width:100%;aspect-ratio:var(--video-aspect-ratio);-o-object-fit:cover;object-fit:cover;-o-object-position:center center;object-position:center center}@supports not (aspect-ratio:1\/1){.elementor-widget-video .elementor-custom-embed-image-overlay{position:relative;overflow:hidden;height:0;padding-bottom:calc(100% \/ var(--video-aspect-ratio))}.elementor-widget-video .elementor-custom-embed-image-overlay img{position:absolute;top:0;right:0;bottom:0;left:0}}.elementor-widget-video .e-hosted-video .elementor-video{-o-object-fit:cover;object-fit:cover}.e-con-inner>.elementor-widget-video,.e-con>.elementor-widget-video{width:var(--container-widget-width);--flex-grow:var(--container-widget-flex-grow)}<\/style>\t\t<div class=\"elementor-wrapper elementor-open-inline\">\n\t\t\t<div class=\"elementor-video\"><\/div>\t\t<\/div>\n\t\t\t\t<\/div>\n\t\t\t\t<\/div>\n\t\t\t\t\t<\/div>\n\t\t<\/div>\n\t\t\t\t\t<\/div>\n\t\t<\/section>\n\t\t\t\t<section class=\"elementor-section elementor-top-section elementor-element elementor-element-6daed2a elementor-section-boxed elementor-section-height-default elementor-section-height-default exad-glass-effect-no wpr-particle-no wpr-jarallax-no wpr-parallax-no wpr-sticky-section-no exad-sticky-section-no\" data-id=\"6daed2a\" data-element_type=\"section\">\n\t\t\t\t\t\t<div class=\"elementor-container elementor-column-gap-default\">\n\t\t\t\t\t<div class=\"elementor-column elementor-col-50 elementor-top-column elementor-element elementor-element-52e1c08 exad-glass-effect-no exad-sticky-section-no\" data-id=\"52e1c08\" data-element_type=\"column\" data-settings=\"{&quot;background_background&quot;:&quot;classic&quot;}\">\n\t\t\t<div class=\"elementor-widget-wrap elementor-element-populated\">\n\t\t\t\t\t\t<div class=\"elementor-element elementor-element-709cf0a elementor-align-center exad-sticky-section-no exad-glass-effect-no elementor-widget elementor-widget-button\" data-id=\"709cf0a\" data-element_type=\"widget\" data-widget_type=\"button.default\">\n\t\t\t\t<div class=\"elementor-widget-container\">\n\t\t\t\t\t<div class=\"elementor-button-wrapper\">\n\t\t\t<a class=\"elementor-button elementor-button-link elementor-size-sm\" href=\"#sinopsis\">\n\t\t\t\t\t\t<span class=\"elementor-button-content-wrapper\">\n\t\t\t\t\t\t\t\t\t<span class=\"elementor-button-text\">SINOPSIS \/ FICHA T\u00c9CNICA<\/span>\n\t\t\t\t\t<\/span>\n\t\t\t\t\t<\/a>\n\t\t<\/div>\n\t\t\t\t<\/div>\n\t\t\t\t<\/div>\n\t\t\t\t\t<\/div>\n\t\t<\/div>\n\t\t\t\t<div class=\"elementor-column elementor-col-50 elementor-top-column elementor-element elementor-element-a3ad023 exad-glass-effect-no exad-sticky-section-no\" data-id=\"a3ad023\" data-element_type=\"column\" data-settings=\"{&quot;background_background&quot;:&quot;classic&quot;}\">\n\t\t\t<div class=\"elementor-widget-wrap elementor-element-populated\">\n\t\t\t\t\t\t<div class=\"elementor-element elementor-element-6b3755e elementor-align-center exad-sticky-section-no exad-glass-effect-no elementor-widget elementor-widget-button\" data-id=\"6b3755e\" data-element_type=\"widget\" data-widget_type=\"button.default\">\n\t\t\t\t<div class=\"elementor-widget-container\">\n\t\t\t\t\t<div class=\"elementor-button-wrapper\">\n\t\t\t<a class=\"elementor-button elementor-button-link elementor-size-sm\" href=\"#\">\n\t\t\t\t\t\t<span class=\"elementor-button-content-wrapper\">\n\t\t\t\t\t\t\t\t\t<span class=\"elementor-button-text\">COMPRAR \/ ALQUILAR<\/span>\n\t\t\t\t\t<\/span>\n\t\t\t\t\t<\/a>\n\t\t<\/div>\n\t\t\t\t<\/div>\n\t\t\t\t<\/div>\n\t\t\t\t\t<\/div>\n\t\t<\/div>\n\t\t\t\t\t<\/div>\n\t\t<\/section>\n\t\t\t\t<section class=\"elementor-section elementor-top-section elementor-element elementor-element-496c15a elementor-section-boxed elementor-section-height-default elementor-section-height-default exad-glass-effect-no wpr-particle-no wpr-jarallax-no wpr-parallax-no wpr-sticky-section-no exad-sticky-section-no\" data-id=\"496c15a\" data-element_type=\"section\" id=\"sinopsis\" data-settings=\"{&quot;background_background&quot;:&quot;classic&quot;}\">\n\t\t\t\t\t\t<div class=\"elementor-container elementor-column-gap-default\">\n\t\t\t\t\t<div class=\"elementor-column elementor-col-100 elementor-top-column elementor-element elementor-element-0673bc9 exad-glass-effect-no exad-sticky-section-no\" data-id=\"0673bc9\" data-element_type=\"column\">\n\t\t\t<div class=\"elementor-widget-wrap elementor-element-populated\">\n\t\t\t\t\t\t<div class=\"elementor-element elementor-element-6e8296c exad-sticky-section-no exad-glass-effect-no elementor-widget elementor-widget-image\" data-id=\"6e8296c\" data-element_type=\"widget\" data-widget_type=\"image.default\">\n\t\t\t\t<div class=\"elementor-widget-container\">\n\t\t\t\t\t\t\t\t\t\t\t\t\t<img decoding=\"async\" width=\"750\" height=\"375\" src=\"https:\/\/martarodriguez.com.co\/wp-content\/uploads\/2023\/08\/crw_1240h_620-6-1024x512.jpg\" class=\"attachment-large size-large wp-image-1433\" alt=\"\" srcset=\"https:\/\/martarodriguez.com.co\/wp-content\/uploads\/2023\/08\/crw_1240h_620-6-1024x512.jpg 1024w, https:\/\/martarodriguez.com.co\/wp-content\/uploads\/2023\/08\/crw_1240h_620-6-300x150.jpg 300w, https:\/\/martarodriguez.com.co\/wp-content\/uploads\/2023\/08\/crw_1240h_620-6-768x384.jpg 768w, https:\/\/martarodriguez.com.co\/wp-content\/uploads\/2023\/08\/crw_1240h_620-6-750x375.jpg 750w, https:\/\/martarodriguez.com.co\/wp-content\/uploads\/2023\/08\/crw_1240h_620-6-600x300.jpg 600w, https:\/\/martarodriguez.com.co\/wp-content\/uploads\/2023\/08\/crw_1240h_620-6.jpg 1240w\" sizes=\"(max-width: 750px) 100vw, 750px\" \/>\t\t\t\t\t\t\t\t\t\t\t\t\t<\/div>\n\t\t\t\t<\/div>\n\t\t\t\t<div class=\"elementor-element elementor-element-70eef30 exad-sticky-section-no exad-glass-effect-no elementor-widget elementor-widget-heading\" data-id=\"70eef30\" data-element_type=\"widget\" data-widget_type=\"heading.default\">\n\t\t\t\t<div class=\"elementor-widget-container\">\n\t\t\t<h2 class=\"elementor-heading-title elementor-size-default\">SINOPSIS<\/h2>\t\t<\/div>\n\t\t\t\t<\/div>\n\t\t\t\t<section class=\"elementor-section elementor-inner-section elementor-element elementor-element-c280077 elementor-section-boxed elementor-section-height-default elementor-section-height-default exad-glass-effect-no wpr-particle-no wpr-jarallax-no wpr-parallax-no wpr-sticky-section-no exad-sticky-section-no\" data-id=\"c280077\" data-element_type=\"section\">\n\t\t\t\t\t\t<div class=\"elementor-container elementor-column-gap-default\">\n\t\t\t\t\t<div class=\"elementor-column elementor-col-66 elementor-inner-column elementor-element elementor-element-a152656 exad-glass-effect-no exad-sticky-section-no\" data-id=\"a152656\" data-element_type=\"column\">\n\t\t\t<div class=\"elementor-widget-wrap elementor-element-populated\">\n\t\t\t\t\t\t<div class=\"elementor-element elementor-element-4fed85f exad-sticky-section-no exad-glass-effect-no elementor-widget elementor-widget-text-editor\" data-id=\"4fed85f\" data-element_type=\"widget\" data-widget_type=\"text-editor.default\">\n\t\t\t\t<div class=\"elementor-widget-container\">\n\t\t\t\t\t\t\t<p>En los Andes Colombianos, Tierradentro es el coraz\u00f3n de la cultura P\u00e1ez. Para ellos, Nasa Kiwe Significa el territorio, que es uno de los ejes centrales de su identidad. Tierradentro fue el refugio y la muralla que les permiti\u00f3 hacer frente al conquistador espa\u00f1ol; all\u00ed crearon ej\u00e9rcitos como el liderado por la Cacica Gaitana. Su profeta Juan Tama cre\u00f3 las leyes de los Paeces, que son: El territorio P\u00e1ez no pasar\u00e1 a manos de extra\u00f1os. Los paeces no pelear\u00e1n entre s\u00ed mismos. Los paeces se defender\u00e1n de las agresiones. El departamento del Cauca, que re\u00fane la mayor parte de la poblaci\u00f3n ind\u00edgena del pa\u00eds: Paeces, Guambianos, Yanaconas y Coconucos, fue aprovechado por el narcotr\u00e1fico para el cultivo de amapola, de la que se extrae el l\u00e1tex necesario para la elaboraci\u00f3n de la hero\u00edna. En el mercado internacional de la droga, la hero\u00edna representa un ingreso econ\u00f3mico 4 veces mayor que el de la coca\u00edna. De otro lado, el ind\u00edgena, mano de obra barata, arrienda o vende sus tierras a bajo costo y desconoce la gravedad y los riesgos de estar ligado a esos cultivos il\u00edcitos. La oficina de antinarc\u00f3ticos, financiada por Estados Unidos, ha implementado la erradicaci\u00f3n de los cultivos il\u00edcitos utilizando herbicidas de alta toxicidad como el glifosato. Estos herbicidas est\u00e1n causando graves da\u00f1os a la salud humana y a la ecolog\u00eda. Ya han reportado varios casos de ni\u00f1os con malformaciones cong\u00e9nitas. Este documental trata sobre las implicaciones de los cultivos il\u00edcitos en las comunidades ind\u00edgenas del Cauca y en el mundo m\u00edstico de los Paeces, pues la avalancha del 6 de junio de 1994 es interpretada por sus m\u00e9dicos tradicionales como un llamado de la Madre Tierra que se siente agredida por la deforestaci\u00f3n y los cultivos de amapola. As\u00ed, por medio del mundo m\u00edtico, los Paeces toman conciencia de la agresi\u00f3n a la Madre Tierra y dejan de cultivar amapola.<\/p>\t\t\t\t\t\t<\/div>\n\t\t\t\t<\/div>\n\t\t\t\t\t<\/div>\n\t\t<\/div>\n\t\t\t\t<div class=\"elementor-column elementor-col-33 elementor-inner-column elementor-element elementor-element-91f6497 exad-glass-effect-no exad-sticky-section-no\" data-id=\"91f6497\" data-element_type=\"column\">\n\t\t\t<div class=\"elementor-widget-wrap elementor-element-populated\">\n\t\t\t\t\t\t<div class=\"elementor-element elementor-element-14cb859 exad-sticky-section-no exad-glass-effect-no elementor-widget elementor-widget-text-editor\" data-id=\"14cb859\" data-element_type=\"widget\" data-widget_type=\"text-editor.default\">\n\t\t\t\t<div class=\"elementor-widget-container\">\n\t\t\t\t\t\t\t<p><strong>FICHA T\u00c9CNICA<\/strong><\/p><p><strong>Realizaci\u00f3n y Montaje:<\/strong> Marta Rodr\u00edguez y Lucas Silva <br \/><strong>Producci\u00f3n:<\/strong> Fundaci\u00f3n Cine Documental, La Huit, Cit\u00e9s Televisi\u00f3n Villeurbanne <br \/><strong>M\u00fasica:<\/strong> Jorge L\u00f3pez (Yaki Kandru)- Chirim\u00edas de Chicaquiu (Cauca)<br \/><strong>Sonido:<\/strong> Marion Provensal <br \/><strong>Mezcla de Sonido:<\/strong> Jean -Marc Shick<br \/><strong>Montaje:<\/strong> Dominique Paris<br \/>Fotograf\u00eda y C\u00e1mara: Lucas Silva<br \/><strong>Participaci\u00f3n:<\/strong> Centre Nacional de la Cinematographie CNC (France), Minist\u00e9re De la Culture te de laCommunication (Departament des Affaires Internationales) (France)<br \/><strong>Formato:<\/strong> V\u00eddeo. <br \/><strong>Idioma:<\/strong> Espa\u00f1ol. <br \/><strong>Color:<\/strong> Color.<br \/><strong>Pa\u00eds:<\/strong> Colombia. <br \/><strong>A\u00f1o de realizaci\u00f3n:<\/strong> 1994-1998<br \/><strong>Duraci\u00f3n:<\/strong> 56 minutos. <br \/><strong>Contacto:<\/strong> cinemestizo@gmail.com<\/p>\t\t\t\t\t\t<\/div>\n\t\t\t\t<\/div>\n\t\t\t\t<div class=\"elementor-element elementor-element-ede020f elementor-align-center exad-sticky-section-no exad-glass-effect-no elementor-widget elementor-widget-button\" data-id=\"ede020f\" data-element_type=\"widget\" data-widget_type=\"button.default\">\n\t\t\t\t<div class=\"elementor-widget-container\">\n\t\t\t\t\t<div class=\"elementor-button-wrapper\">\n\t\t\t<a class=\"elementor-button elementor-button-link elementor-size-sm\" href=\"#\">\n\t\t\t\t\t\t<span class=\"elementor-button-content-wrapper\">\n\t\t\t\t\t\t\t\t\t<span class=\"elementor-button-text\">COMPRAR \/ ALQUILAR<\/span>\n\t\t\t\t\t<\/span>\n\t\t\t\t\t<\/a>\n\t\t<\/div>\n\t\t\t\t<\/div>\n\t\t\t\t<\/div>\n\t\t\t\t\t<\/div>\n\t\t<\/div>\n\t\t\t\t\t<\/div>\n\t\t<\/section>\n\t\t\t\t\t<\/div>\n\t\t<\/div>\n\t\t\t\t\t<\/div>\n\t\t<\/section>\n\t\t\t\t<\/div>\n\t\t","protected":false},"excerpt":{"rendered":"<p>LOS HIJOS DEL TRUENO Marta Rodr\u00edguez \u00a0y \u00a0Lucas Silva\u00a0 Duraci\u00f3n: \u00a0\u00a0\u00a056 minutos\u00a0 A\u00f1os: \u00a01994 \u00a0&#8211; \u00a01998 SINOPSIS \/ FICHA T\u00c9CNICA COMPRAR \/ ALQUILAR SINOPSIS En los Andes Colombianos, Tierradentro es el coraz\u00f3n de la cultura P\u00e1ez. Para ellos, Nasa Kiwe Significa el territorio, que es uno de los ejes centrales de su identidad. Tierradentro fue [&hellip;]<\/p>\n","protected":false},"author":1,"featured_media":0,"parent":0,"menu_order":0,"comment_status":"closed","ping_status":"closed","template":"elementor_header_footer","meta":{"_acf_changed":false,"footnotes":""},"class_list":["post-1355","page","type-page","status-publish","hentry"],"acf":[],"_links":{"self":[{"href":"https:\/\/martarodriguez.com.co\/index.php\/wp-json\/wp\/v2\/pages\/1355","targetHints":{"allow":["GET"]}}],"collection":[{"href":"https:\/\/martarodriguez.com.co\/index.php\/wp-json\/wp\/v2\/pages"}],"about":[{"href":"https:\/\/martarodriguez.com.co\/index.php\/wp-json\/wp\/v2\/types\/page"}],"author":[{"embeddable":true,"href":"https:\/\/martarodriguez.com.co\/index.php\/wp-json\/wp\/v2\/users\/1"}],"replies":[{"embeddable":true,"href":"https:\/\/martarodriguez.com.co\/index.php\/wp-json\/wp\/v2\/comments?post=1355"}],"version-history":[{"count":43,"href":"https:\/\/martarodriguez.com.co\/index.php\/wp-json\/wp\/v2\/pages\/1355\/revisions"}],"predecessor-version":[{"id":5528,"href":"https:\/\/martarodriguez.com.co\/index.php\/wp-json\/wp\/v2\/pages\/1355\/revisions\/5528"}],"wp:attachment":[{"href":"https:\/\/martarodriguez.com.co\/index.php\/wp-json\/wp\/v2\/media?parent=1355"}],"curies":[{"name":"wp","href":"https:\/\/api.w.org\/{rel}","templated":true}]}}