{"id":1004,"date":"2023-08-22T06:51:08","date_gmt":"2023-08-22T06:51:08","guid":{"rendered":"https:\/\/martarodriguez.com.co\/?page_id=1004"},"modified":"2023-08-22T06:51:44","modified_gmt":"2023-08-22T06:51:44","slug":"contacto","status":"publish","type":"page","link":"https:\/\/martarodriguez.com.co\/index.php\/contacto\/","title":{"rendered":"Contacto"},"content":{"rendered":"\t\t<div data-elementor-type=\"wp-page\" data-elementor-id=\"1004\" class=\"elementor elementor-1004\">\n\t\t\t\t\t\t<section class=\"elementor-section elementor-top-section elementor-element elementor-element-be986a4 elementor-section-boxed elementor-section-height-default elementor-section-height-default exad-glass-effect-no wpr-particle-no wpr-jarallax-no wpr-parallax-no wpr-sticky-section-no exad-sticky-section-no\" data-id=\"be986a4\" data-element_type=\"section\">\n\t\t\t\t\t\t<div class=\"elementor-container elementor-column-gap-default\">\n\t\t\t\t\t<div class=\"elementor-column elementor-col-100 elementor-top-column elementor-element elementor-element-285c057d exad-glass-effect-no exad-sticky-section-no\" data-id=\"285c057d\" data-element_type=\"column\">\n\t\t\t<div class=\"elementor-widget-wrap elementor-element-populated\">\n\t\t\t\t\t\t<section class=\"elementor-section elementor-inner-section elementor-element elementor-element-183b7021 elementor-section-boxed elementor-section-height-default elementor-section-height-default exad-glass-effect-no wpr-particle-no wpr-jarallax-no wpr-parallax-no wpr-sticky-section-no exad-sticky-section-no\" data-id=\"183b7021\" data-element_type=\"section\">\n\t\t\t\t\t\t<div class=\"elementor-container elementor-column-gap-default\">\n\t\t\t\t\t<div class=\"elementor-column elementor-col-100 elementor-inner-column elementor-element elementor-element-3817c400 exad-glass-effect-no exad-sticky-section-no\" data-id=\"3817c400\" data-element_type=\"column\">\n\t\t\t<div class=\"elementor-widget-wrap elementor-element-populated\">\n\t\t\t\t\t\t<div class=\"elementor-element elementor-element-295149a exad-sticky-section-no exad-glass-effect-no elementor-widget elementor-widget-heading\" data-id=\"295149a\" data-element_type=\"widget\" data-widget_type=\"heading.default\">\n\t\t\t\t<div class=\"elementor-widget-container\">\n\t\t\t<style>\/*! elementor - v3.21.0 - 15-04-2024 *\/\n.elementor-heading-title{padding:0;margin:0;line-height:1}.elementor-widget-heading .elementor-heading-title[class*=elementor-size-]>a{color:inherit;font-size:inherit;line-height:inherit}.elementor-widget-heading .elementor-heading-title.elementor-size-small{font-size:15px}.elementor-widget-heading .elementor-heading-title.elementor-size-medium{font-size:19px}.elementor-widget-heading .elementor-heading-title.elementor-size-large{font-size:29px}.elementor-widget-heading .elementor-heading-title.elementor-size-xl{font-size:39px}.elementor-widget-heading .elementor-heading-title.elementor-size-xxl{font-size:59px}<\/style><h2 class=\"elementor-heading-title elementor-size-default\">Comun\u00edcate con nosotros<\/h2>\t\t<\/div>\n\t\t\t\t<\/div>\n\t\t\t\t<div class=\"elementor-element elementor-element-e509276 exad-sticky-section-no exad-glass-effect-no elementor-widget elementor-widget-exad-contact-form-7\" data-id=\"e509276\" data-element_type=\"widget\" data-widget_type=\"exad-contact-form-7.default\">\n\t\t\t\t<div class=\"elementor-widget-container\">\n\t\t\t            <div class=\"exad-contact-form exad-contact-form-7 exad-contact-form-e509276\">\n                    \n                                    <h3 class=\"exad-contact-form-title exad-contact-form-7-title\">\n                        Comun\u00edcate con nosotros.                    <\/h3>\n                                        \n                \n<div class=\"wpcf7 no-js\" id=\"wpcf7-f968-o1\" lang=\"es-ES\" dir=\"ltr\">\n<div class=\"screen-reader-response\"><p role=\"status\" aria-live=\"polite\" aria-atomic=\"true\"><\/p> <ul><\/ul><\/div>\n<form action=\"\/index.php\/wp-json\/wp\/v2\/pages\/1004#wpcf7-f968-o1\" method=\"post\" class=\"wpcf7-form init\" aria-label=\"Formulario de contacto\" novalidate=\"novalidate\" data-status=\"init\">\n<div style=\"display: none;\">\n<input type=\"hidden\" name=\"_wpcf7\" value=\"968\" \/>\n<input type=\"hidden\" name=\"_wpcf7_version\" value=\"5.9.3\" \/>\n<input type=\"hidden\" name=\"_wpcf7_locale\" value=\"es_ES\" \/>\n<input type=\"hidden\" name=\"_wpcf7_unit_tag\" value=\"wpcf7-f968-o1\" \/>\n<input type=\"hidden\" name=\"_wpcf7_container_post\" value=\"0\" \/>\n<input type=\"hidden\" name=\"_wpcf7_posted_data_hash\" value=\"\" \/>\n<\/div>\n<p><label> Tu nombre<br \/>\n<span class=\"wpcf7-form-control-wrap\" data-name=\"your-name\"><input size=\"40\" class=\"wpcf7-form-control wpcf7-text wpcf7-validates-as-required\" autocomplete=\"name\" aria-required=\"true\" aria-invalid=\"false\" value=\"\" type=\"text\" name=\"your-name\" \/><\/span> <\/label>\n<\/p>\n<p><label> Tu correo electr\u00f3nico<br \/>\n<span class=\"wpcf7-form-control-wrap\" data-name=\"your-email\"><input size=\"40\" class=\"wpcf7-form-control wpcf7-email wpcf7-validates-as-required wpcf7-text wpcf7-validates-as-email\" autocomplete=\"email\" aria-required=\"true\" aria-invalid=\"false\" value=\"\" type=\"email\" name=\"your-email\" \/><\/span> <\/label>\n<\/p>\n<p><label> Asunto<br \/>\n<span class=\"wpcf7-form-control-wrap\" data-name=\"your-subject\"><input size=\"40\" class=\"wpcf7-form-control wpcf7-text wpcf7-validates-as-required\" aria-required=\"true\" aria-invalid=\"false\" value=\"\" type=\"text\" name=\"your-subject\" \/><\/span> <\/label>\n<\/p>\n<p><label> Tu mensaje (opcional)<br \/>\n<span class=\"wpcf7-form-control-wrap\" data-name=\"your-message\"><textarea cols=\"40\" rows=\"10\" class=\"wpcf7-form-control wpcf7-textarea\" aria-invalid=\"false\" name=\"your-message\"><\/textarea><\/span> <\/label>\n<\/p>\n<p><input class=\"wpcf7-form-control wpcf7-submit has-spinner\" type=\"submit\" value=\"Enviar\" \/>\n<\/p><div class=\"wpcf7-response-output\" aria-hidden=\"true\"><\/div>\n<\/form>\n<\/div>\n            <\/div>\n            \n            \t\t<\/div>\n\t\t\t\t<\/div>\n\t\t\t\t\t<\/div>\n\t\t<\/div>\n\t\t\t\t\t<\/div>\n\t\t<\/section>\n\t\t\t\t\t<\/div>\n\t\t<\/div>\n\t\t\t\t\t<\/div>\n\t\t<\/section>\n\t\t\t\t<section class=\"elementor-section elementor-top-section elementor-element elementor-element-4110693 elementor-section-boxed elementor-section-height-default elementor-section-height-default exad-glass-effect-no wpr-particle-no wpr-jarallax-no wpr-parallax-no wpr-sticky-section-no exad-sticky-section-no\" data-id=\"4110693\" data-element_type=\"section\" data-settings=\"{&quot;background_background&quot;:&quot;classic&quot;}\">\n\t\t\t\t\t\t<div class=\"elementor-container elementor-column-gap-default\">\n\t\t\t\t\t<div class=\"elementor-column elementor-col-100 elementor-top-column elementor-element elementor-element-4e4f6f5 exad-glass-effect-no exad-sticky-section-no\" data-id=\"4e4f6f5\" data-element_type=\"column\">\n\t\t\t<div class=\"elementor-widget-wrap elementor-element-populated\">\n\t\t\t\t\t\t<div class=\"elementor-element elementor-element-de61858 exad-sticky-section-no exad-glass-effect-no elementor-widget elementor-widget-text-editor\" data-id=\"de61858\" data-element_type=\"widget\" data-widget_type=\"text-editor.default\">\n\t\t\t\t<div class=\"elementor-widget-container\">\n\t\t\t<style>\/*! elementor - v3.21.0 - 15-04-2024 *\/\n.elementor-widget-text-editor.elementor-drop-cap-view-stacked .elementor-drop-cap{background-color:#69727d;color:#fff}.elementor-widget-text-editor.elementor-drop-cap-view-framed .elementor-drop-cap{color:#69727d;border:3px solid;background-color:transparent}.elementor-widget-text-editor:not(.elementor-drop-cap-view-default) .elementor-drop-cap{margin-top:8px}.elementor-widget-text-editor:not(.elementor-drop-cap-view-default) .elementor-drop-cap-letter{width:1em;height:1em}.elementor-widget-text-editor .elementor-drop-cap{float:left;text-align:center;line-height:1;font-size:50px}.elementor-widget-text-editor .elementor-drop-cap-letter{display:inline-block}<\/style>\t\t\t\t<div class=\"x-el x-el-div c1-1 c1-2 c1-6j c1-6t c1-6u c1-6v c1-1z c1-25 c1-6w c1-8q c1-6x c1-z c1-6o c1-6e c1-b c1-c c1-70 c1-71 c1-8s c1-73 c1-d c1-e c1-f c1-g\" data-ux=\"GridCell\" data-aid=\"CONTACT_SECTION_INFO_REND\"><h4 class=\"x-el x-el-h4 c1-1 c1-2 c1-1s c1-1b c1-8u c1-15 c1-13 c1-12 c1-7a c1-b c1-8v c1-61 c1-4p c1-64 c1-66 c1-67 c1-68\" role=\"heading\" aria-level=\"4\" data-ux=\"ContentHeading\" data-aid=\"CONTACT_INTRO_HEADING_REND\" data-typography=\"HeadingDelta\">USA &#8211; NEW YORK CONTACT<\/h4><div class=\"x-el c1-1 c1-2 c1-1s c1-1b c1-4w c1-12 c1-7a c1-7d c1-7e c1-7f c1-7g c1-7h c1-7i c1-7j c1-7k c1-7l c1-7m c1-7n c1-7o c1-7p c1-7q c1-7r c1-7s c1-7t c1-7u c1-7v c1-7w c1-7x c1-7y c1-7z c1-80 c1-81 c1-82 c1-83 c1-84 c1-b c1-a6 c1-c c1-4p c1-d c1-e c1-f c1-g x-rt\" data-ux=\"ContentText\" data-aid=\"CONTACT_INTRO_DESC_REND\" data-typography=\"BodyAlpha\"><p><span class=\"x-el x-el-span c1-8l c1-8m c1-b c1-c c1-d c1-e c1-f c1-g\"><strong class=\"x-el x-el-span c1-1p c1-1q c1-b c1-85 c1-35 c1-45 c1-86\">Sara Silva<\/strong><\/span><\/p><p><span class=\"x-el x-el-span c1-8l c1-8m c1-b c1-c c1-d c1-e c1-f c1-g\">Phone 1 (315) 751-0931 \u00a0<\/span><\/p><p><span class=\"x-el x-el-span c1-8l c1-8m c1-b c1-c c1-d c1-e c1-f c1-g\">Email:\u00a0<a class=\"x-el x-el-a c1-1p c1-1q c1-89 c1-1s c1-1b c1-1t c1-1u c1-8j c1-b c1-9n c1-22 c1-a3 c1-a4\" href=\"http:\/\/ssilva906@gmail.com\/\" target=\"_blank\" rel=\"noopener\"><u class=\"x-el x-el-span c1-1p c1-1q c1-b c1-85 c1-35 c1-22 c1-86 c1-89\">ssilva906@gmail.com<\/u><\/a><\/span><\/p><\/div><\/div><div class=\"x-el x-el-div c1-1 c1-2 c1-6j c1-6t c1-6u c1-6v c1-1z c1-25 c1-6w c1-8q c1-6x c1-z c1-6o c1-6e c1-b c1-c c1-70 c1-71 c1-8s c1-73 c1-d c1-e c1-f c1-g\" data-ux=\"GridCell\" data-aid=\"CONTACT_SECTION_DETAILS_REND\"><h4 class=\"x-el x-el-h4 c1-1 c1-2 c1-1s c1-1b c1-8u c1-15 c1-13 c1-12 c1-7a c1-b c1-8v c1-61 c1-4p c1-64 c1-66 c1-67 c1-68\" role=\"heading\" aria-level=\"4\" data-ux=\"ContentHeading\" data-aid=\"CONTACT_INFO_BIZ_NAME_REND\" data-typography=\"HeadingDelta\">Fundaci\u00f3n Cine Documental \/ Investigaci\u00f3n Social<\/h4><p class=\"x-el x-el-p c1-1 c1-2 c1-1s c1-1b c1-4w c1-12 c1-7a c1-a7 c1-b c1-a6 c1-c c1-4p c1-d c1-e c1-f c1-g\" data-ux=\"ContentText\" data-typography=\"BodyAlpha\"><a class=\"x-el x-el-a c1-1p c1-1q c1-1r c1-1s c1-1b c1-1t c1-1u c1-b c1-9n c1-c c1-22 c1-a3 c1-a4 c1-d c1-e c1-f c1-g\" role=\"link\" href=\"mailto:cinemestizo@gmail.com\" rel=\"\" aria-haspopup=\"false\" data-ux=\"Link\" data-aid=\"CONTACT_INFO_EMAIL_REND\" data-typography=\"LinkAlpha\" data-tccl=\"ux2.CONTACT.contact2.Content.Default.Link.Default.26304.click,click\">cinemestizo@gmail.com<\/a> + <a class=\"x-el x-el-a c1-1p c1-1q c1-1r c1-1s c1-1b c1-1t c1-1u c1-b c1-9n c1-c c1-22 c1-a3 c1-a4 c1-d c1-e c1-f c1-g\" role=\"link\" href=\"tel:05712494316\" rel=\"\" aria-haspopup=\"false\" data-ux=\"Link\" data-aid=\"CONTACT_INFO_PHONE_REND\" data-typography=\"LinkAlpha\" data-tccl=\"ux2.CONTACT.contact2.Content.Default.Link.Default.26305.click,click\">057 (1) 2494316<\/a> Bogot\u00e1, Colombia<\/p><\/div>\t\t\t\t\t\t<\/div>\n\t\t\t\t<\/div>\n\t\t\t\t\t<\/div>\n\t\t<\/div>\n\t\t\t\t\t<\/div>\n\t\t<\/section>\n\t\t\t\t<\/div>\n\t\t","protected":false},"excerpt":{"rendered":"<p>Comun\u00edcate con nosotros Comun\u00edcate con nosotros. Tu nombre Tu correo electr\u00f3nico Asunto Tu mensaje (opcional) USA &#8211; NEW YORK CONTACT Sara Silva Phone 1 (315) 751-0931 \u00a0 Email:\u00a0ssilva906@gmail.com Fundaci\u00f3n Cine Documental \/ Investigaci\u00f3n Social cinemestizo@gmail.com + 057 (1) 2494316 Bogot\u00e1, Colombia<\/p>\n","protected":false},"author":1,"featured_media":0,"parent":0,"menu_order":0,"comment_status":"closed","ping_status":"closed","template":"elementor_canvas","meta":{"_acf_changed":false,"footnotes":""},"class_list":["post-1004","page","type-page","status-publish","hentry"],"acf":[],"_links":{"self":[{"href":"https:\/\/martarodriguez.com.co\/index.php\/wp-json\/wp\/v2\/pages\/1004","targetHints":{"allow":["GET"]}}],"collection":[{"href":"https:\/\/martarodriguez.com.co\/index.php\/wp-json\/wp\/v2\/pages"}],"about":[{"href":"https:\/\/martarodriguez.com.co\/index.php\/wp-json\/wp\/v2\/types\/page"}],"author":[{"embeddable":true,"href":"https:\/\/martarodriguez.com.co\/index.php\/wp-json\/wp\/v2\/users\/1"}],"replies":[{"embeddable":true,"href":"https:\/\/martarodriguez.com.co\/index.php\/wp-json\/wp\/v2\/comments?post=1004"}],"version-history":[{"count":5,"href":"https:\/\/martarodriguez.com.co\/index.php\/wp-json\/wp\/v2\/pages\/1004\/revisions"}],"predecessor-version":[{"id":1009,"href":"https:\/\/martarodriguez.com.co\/index.php\/wp-json\/wp\/v2\/pages\/1004\/revisions\/1009"}],"wp:attachment":[{"href":"https:\/\/martarodriguez.com.co\/index.php\/wp-json\/wp\/v2\/media?parent=1004"}],"curies":[{"name":"wp","href":"https:\/\/api.w.org\/{rel}","templated":true}]}}